{"id":13418,"date":"2020-07-22T13:16:05","date_gmt":"2020-07-22T10:16:05","guid":{"rendered":"https:\/\/nblturkiye.com\/?page_id=13418"},"modified":"2022-09-12T09:53:57","modified_gmt":"2022-09-12T06:53:57","slug":"cookie-policy","status":"publish","type":"page","link":"https:\/\/nblturkiye.com\/ru\/cookie-policy\/","title":{"rendered":"\u041f\u041e\u041b\u0418\u0422\u0418\u041a\u0410 \u0412 \u041e\u0422\u041d\u041e\u0428\u0415\u041d\u0418\u0418 \u041a\u0423\u041a\u0418"},"content":{"rendered":"<h1 style=\"text-align: center;\"><strong>\u00c7EREZ POL\u0130T\u0130KASI<\/strong><\/h1>\n<p>\u0130nternet sitemizden en verimli \u015fekilde faydalanabilmeniz ve kullan\u0131c\u0131 deneyiminizi\u00a0geli\u015ftirebilmek i\u00e7in \u00c7erez kullan\u0131yoruz. \u00c7erez kullan\u0131lmas\u0131n\u0131 tercih etmezseniz\u00a0taray\u0131c\u0131n\u0131z\u0131n ayarlar\u0131ndan \u00c7erezleri silebilir ya da engelleyebilirsiniz. Ancak bunun\u00a0internet sitemizi kullan\u0131m\u0131n\u0131z\u0131 etkileyebilece\u011fini hat\u0131rlatmak isteriz. Taray\u0131c\u0131n\u0131zdan \u00c7erez\u00a0ayarlar\u0131n\u0131z\u0131 de\u011fi\u015ftirmedi\u011finiz s\u00fcrece bu sitede \u00e7erez kullan\u0131m\u0131n\u0131 kabul etti\u011finizi\u00a0varsayaca\u011f\u0131z.<\/p>\n<p>&nbsp;<\/p>\n<p><strong><u>\u00c7EREZ NED\u0130R VE NEDEN KULLANILMAKTADIR?<\/u><\/strong><\/p>\n<p>\u00c7erezler, ziyaret etti\u011finiz internet siteleri taraf\u0131ndan taray\u0131c\u0131lar arac\u0131l\u0131\u011f\u0131yla cihaz\u0131n\u0131za veya a\u011f sunucusuna depolanan k\u00fc\u00e7\u00fck metin dosyalar\u0131d\u0131r.<\/p>\n<p>\u0130nternet Sitemizde \u00e7erez kullan\u0131lmas\u0131n\u0131n ba\u015fl\u0131ca ama\u00e7lar\u0131 a\u015fa\u011f\u0131da s\u0131ralanmaktad\u0131r:<\/p>\n<p>\u0130nternet sitesinin i\u015flevselli\u011fini ve performans\u0131n\u0131 artt\u0131rmak yoluyla sizlere sunulan hizmetleri geli\u015ftirmek,<\/p>\n<p>\u0130nternet Sitesini iyile\u015ftirmek ve \u0130nternet Sitesi \u00fczerinden yeni \u00f6zellikler sunmak ve sunulan \u00f6zellikleri sizlerin tercihlerine g\u00f6re ki\u015fiselle\u015ftirmek;<\/p>\n<p>\u0130nternet Sitesinin, sizin ve \u015eirketimizin hukuki ve ticari g\u00fcvenli\u011finin teminini sa\u011flamak.<\/p>\n<p>&nbsp;<\/p>\n<p><strong><u>\u0130NTERNET S\u0130TEM\u0130ZDE KULLANILAN \u00c7EREZ T\u00dcRLER\u0130<\/u><\/strong><\/p>\n<table style=\"height: 564px;\" width=\"1028\">\n<tbody>\n<tr>\n<td width=\"170\">Oturum \u00c7erezleri<\/p>\n<p><em>(Session Cookies)<\/em><\/td>\n<td width=\"434\">Oturum \u00e7erezleri ziyaret\u00e7ilerimizin \u0130nternet Sitesini ziyaretleri s\u00fcresince kullan\u0131lan, taray\u0131c\u0131 kapat\u0131ld\u0131ktan sonra silinen ge\u00e7ici \u00e7erezlerdir.<\/p>\n<p>Bu t\u00fcr \u00e7erezlerin kullan\u0131lmas\u0131n\u0131n temel amac\u0131 ziyaretiniz s\u00fcresince \u0130nternet Sitesinin d\u00fczg\u00fcn bir bi\u00e7imde \u00e7al\u0131\u015fmas\u0131n\u0131n teminini sa\u011flamakt\u0131r.<\/p>\n<p>\u00d6rne\u011fin; birden fazla sayfadan olu\u015fan \u00e7evrimi\u00e7i formlar\u0131 doldurman\u0131z\u0131n sa\u011flanmaktad\u0131r.<\/td>\n<\/tr>\n<tr>\n<td width=\"170\">Kal\u0131c\u0131 \u00c7erezler<\/p>\n<p><em>(Persistent Cookies)<\/em><\/td>\n<td width=\"434\">Kal\u0131c\u0131 \u00e7erezler \u0130nternet Sitesinin i\u015flevselli\u011fini art\u0131rmak, ziyaret\u00e7ilerimize daha h\u0131zl\u0131 ve iyi bir hizmet sunmak amac\u0131yla kullan\u0131lan \u00e7erez t\u00fcrleridir.<\/p>\n<p>Bu t\u00fcr \u00e7erezler tercihlerinizi hat\u0131rlamak i\u00e7in kullan\u0131l\u0131r ve taray\u0131c\u0131lar vas\u0131tas\u0131yla cihaz\u0131n\u0131zda depolan\u0131r.<\/p>\n<p>Kal\u0131c\u0131 \u00e7erezlerin baz\u0131 t\u00fcrleri; \u0130nternet Sitesini kullan\u0131m amac\u0131n\u0131z gibi hususlar g\u00f6z \u00f6n\u00fcnde bulundurarak sizlere \u00f6zel \u00f6neriler sunulmas\u0131 i\u00e7in kullan\u0131labilmektedir.<\/p>\n<p>Kal\u0131c\u0131 \u00e7erezler sayesinde \u0130nternet Sitemizi ayn\u0131 cihazla tekrardan ziyaret etmeniz durumunda, cihaz\u0131n\u0131zda \u0130nternet Sitemiz taraf\u0131ndan olu\u015fturulmu\u015f bir \u00e7erez olup olmad\u0131\u011f\u0131 kontrol edilir ve var ise, sizin siteyi daha \u00f6nce ziyaret etti\u011finiz anla\u015f\u0131l\u0131r ve size iletilecek i\u00e7erik bu do\u011frultuda belirlenir ve b\u00f6ylelikle sizlere daha iyi bir hizmet sunulur.<\/td>\n<\/tr>\n<\/tbody>\n<\/table>\n<p><strong><u><br \/>\n\u0130NTERNET S\u0130TEM\u0130ZDE KULLANILAN \u00c7EREZLER<\/u><\/strong><\/p>\n<table style=\"height: 407px;\" width=\"1028\">\n<tbody>\n<tr>\n<td width=\"170\">Teknik \u00c7erezler<\/p>\n<p>(<em>Technical Cookies<\/em>)<\/p>\n<p>&nbsp;<\/td>\n<td width=\"534\">Teknik \u00e7erezler ile internet sitesinin \u00e7al\u0131\u015fmas\u0131n\u0131n sa\u011flanmakta, internet sitesinin \u00e7al\u0131\u015fmayan sayfalar\u0131 ve alanlar\u0131 tespit edilmektedir.<\/td>\n<\/tr>\n<tr>\n<td width=\"170\">Otantikasyon \u00c7erezleri<\/p>\n<p>(<em>Authentication Cookies<\/em>)<\/td>\n<td width=\"434\">Ziyaret\u00e7iler, \u015fifrelerini kullanarak internet sitesine giri\u015f yapmalar\u0131 durumunda, bu t\u00fcr \u00e7erezler ile, ziyaret\u00e7inin internet sitesinde ziyaret etti\u011fi her bir sayfada site kullan\u0131c\u0131s\u0131 oldu\u011fu belirlenerek, kullan\u0131c\u0131n\u0131n her sayfada \u015fifresini yeniden girmesi \u00f6nlenir.<\/td>\n<\/tr>\n<tr>\n<td width=\"170\">Flash \u00c7erezleri<\/p>\n<p>(<em>Flash Cookies)<\/em><\/td>\n<td width=\"434\">\u0130nternet sitesinde yer alan g\u00f6r\u00fcnt\u00fc veya ses i\u00e7eriklerini etkinle\u015ftirmek i\u00e7in kullan\u0131lan \u00e7erez t\u00fcrleridir.<\/td>\n<\/tr>\n<tr>\n<td width=\"170\">Ki\u015fiselle\u015ftirme \u00c7erezleri<\/p>\n<p>(<em>Customization Cookies)<\/em><\/td>\n<td width=\"434\">Kullan\u0131c\u0131lar\u0131n tercihlerini farkl\u0131 internet sitesinin farkl\u0131 sayfalar\u0131n\u0131 ziyarette de hat\u0131rlamak i\u00e7in kullan\u0131lan \u00e7erezlerdir. \u00d6rne\u011fin, se\u00e7mi\u015f oldu\u011funuz dil tercihinizin hat\u0131rlanmas\u0131.<\/td>\n<\/tr>\n<tr>\n<td width=\"170\">Analitik \u00c7erezler<\/p>\n<p>(<em>Analytical Cookies)<\/em><\/td>\n<td width=\"434\">Analitik \u00e7erezler ile internet sitesini ziyaret edenlerin say\u0131lar\u0131, internet sitesinde g\u00f6r\u00fcnt\u00fclenen sayfalar\u0131n tespiti, internet sitesi ziyaret saatleri, internet sitesi sayfalar\u0131 kayd\u0131rma hareketleri gibi analitik sonu\u00e7lar\u0131n \u00fcretimini sa\u011flayan \u00e7erezlerdir.<\/td>\n<\/tr>\n<\/tbody>\n<\/table>\n<p>&nbsp;<\/p>\n<p>\u00c7EREZLER\u0130N KULLANIMI VER\u0130 SAH\u0130PLER\u0130 TARAFINDAN ENGELLENEB\u0130L\u0130R M\u0130?<\/p>\n<p>Taray\u0131c\u0131n\u0131z\u0131n ayarlar\u0131n\u0131 de\u011fi\u015ftirerek \u00e7erezlere ili\u015fkin tercihlerinizi ki\u015fiselle\u015ftirme imkan\u0131na sahipsiniz.<\/p>\n<p>&nbsp;<\/p>\n<table width=\"100%\">\n<tbody>\n<tr>\n<td width=\"30%\">Adobe Analytics<\/td>\n<td width=\"80%\"><a href=\"http:\/\/www.adobe.com\/uk\/privacy\/opt-out.html\">http:\/\/www.adobe.com\/uk\/privacy\/opt-out.html<\/a><\/td>\n<\/tr>\n<tr>\n<td width=\"25%\">AOL<\/td>\n<td width=\"74%\"><a href=\"https:\/\/help.aol.com\/articles\/restore-security-settings-and-enable-cookie-settings-on-browser\">https:\/\/help.aol.com\/articles\/restore-security-settings-and-enable-cookie-settings-on-browser<\/a><\/td>\n<\/tr>\n<tr>\n<td width=\"25%\">Google Adwords<\/td>\n<td width=\"74%\"><a href=\"https:\/\/support.google.com\/ads\/answer\/2662922?hl=en\">https:\/\/support.google.com\/ads\/answer\/2662922?hl=en<\/a><\/td>\n<\/tr>\n<tr>\n<td width=\"25%\">Google Analytics<\/td>\n<td width=\"74%\"><a href=\"https:\/\/tools.google.com\/dlpage\/gaoptout\">https:\/\/tools.google.com\/dlpage\/gaoptout<\/a><\/td>\n<\/tr>\n<tr>\n<td width=\"25%\">Google Chrome<\/td>\n<td width=\"74%\"><a href=\"http:\/\/www.google.com\/support\/chrome\/bin\/answer.py?hl=en&amp;answer=95647\">http:\/\/www.google.com\/support\/chrome\/bin\/answer.py?hl=en&amp;answer=95647<\/a><\/td>\n<\/tr>\n<tr>\n<td width=\"25%\">Internet Explorer<\/td>\n<td width=\"74%\"><a href=\"https:\/\/support.microsoft.com\/en-us\/help\/17442\/windows-internet-explorer-delete-manage-cookies\">https:\/\/support.microsoft.com\/en-us\/help\/17442\/windows-internet-explorer-delete-manage-cookies<\/a><\/td>\n<\/tr>\n<tr>\n<td width=\"25%\">MozillaFirefox<\/td>\n<td width=\"74%\"><a href=\"http:\/\/support.mozilla.com\/en-US\/kb\/Cookies\">http:\/\/support.mozilla.com\/en-US\/kb\/Cookies<\/a><\/td>\n<\/tr>\n<tr>\n<td width=\"25%\">Opera<\/td>\n<td width=\"74%\"><a href=\"http:\/\/www.opera.com\/browser\/tutorials\/security\/privacy\/\">http:\/\/www.opera.com\/browser\/tutorials\/security\/privacy\/<\/a><\/td>\n<\/tr>\n<tr>\n<td width=\"25%\">Safari:<\/td>\n<td width=\"74%\"><a href=\"https:\/\/support.apple.com\/kb\/ph19214?locale=tr_TR\">https:\/\/support.apple.com\/kb\/ph19214?locale=tr_TR<\/a><\/td>\n<\/tr>\n<\/tbody>\n<\/table>\n<p>&nbsp;<\/p>\n<p>\u0130nternet Sitesi \u00c7EREZ Politikas\u0131 11.01.2021 tarihlidir. Politika\u2019n\u0131n t\u00fcm\u00fcn\u00fcn veya belirli maddelerinin yenilenmesi durumunda Politika\u2019n\u0131n y\u00fcr\u00fcrl\u00fck tarihi g\u00fcncellenecektir.<\/p>\n<p><strong><br \/>\n\u0130NTERNET S\u0130TES\u0130 \u00c7EREZ POL\u0130T\u0130KASI\u2019NIN Y\u00dcR\u00dcRL\u00dc\u011e\u00dc<\/strong><\/p>\n<p>Politika NOBEL internet sitesinde <a href=\"http:\/\/www.nobel.com.tr\/\">http:\/\/www.nobel.com.tr\/<\/a> \u2018de yay\u0131mlan\u0131r ve ki\u015fisel veri sahiplerinin talebi \u00fczerine ilgili ki\u015filerin eri\u015fimine sunulur.<\/p>\n<p>Ki\u015fisel verilerinizin i\u015flenmesine ili\u015fkin detayl\u0131 bilgilere <a href=\"https:\/\/nblturkiye.com\/aydinlatma-metni\/\"><strong><u>NOBEL \u0130LA\u00c7 AYDINLATMA Y\u00dcK\u00dcML\u00dcL\u00dc\u011e\u00dc <\/u><\/strong><\/a>\u2019ndan ula\u015fabilirsiniz.<\/p>\n","protected":false},"excerpt":{"rendered":"\u00c7EREZ POL\u0130T\u0130KASI \u0130nternet sitemizden en verimli \u015fekilde faydalanabilmeniz ve kullan\u0131c\u0131 deneyiminizi\u00a0geli\u015ftirebilmek i\u00e7in \u00c7erez kullan\u0131yoruz. \u00c7erez kullan\u0131lmas\u0131n\u0131 tercih etmezseniz\u00a0taray\u0131c\u0131n\u0131z\u0131n ayarlar\u0131ndan \u00c7erezleri silebilir ya da engelleyebilirsiniz. Ancak bunun\u00a0internet sitemizi kullan\u0131m\u0131n\u0131z\u0131 etkileyebilece\u011fini hat\u0131rlatmak isteriz. Taray\u0131c\u0131n\u0131zdan \u00c7erez\u00a0ayarlar\u0131n\u0131z\u0131 de\u011fi\u015ftirmedi\u011finiz s\u00fcrece bu sitede \u00e7erez kullan\u0131m\u0131n\u0131 kabul etti\u011finizi\u00a0varsayaca\u011f\u0131z. &nbsp; \u00c7EREZ NED\u0130R VE NEDEN KULLANILMAKTADIR? \u00c7erezler, ziyaret etti\u011finiz internet siteleri taraf\u0131ndan taray\u0131c\u0131lar arac\u0131l\u0131\u011f\u0131yla [&hellip;]","protected":false},"author":2,"featured_media":0,"parent":0,"menu_order":6,"comment_status":"closed","ping_status":"closed","template":"page-gizli.php","meta":{"_acf_changed":false,"footnotes":""},"class_list":["post-13418","page","type-page","status-publish","hentry"],"acf":[],"yoast_head":"<!-- This site is optimized with the Yoast SEO plugin v27.4 - https:\/\/yoast.com\/product\/yoast-seo-wordpress\/ -->\n<title>\u041f\u041e\u041b\u0418\u0422\u0418\u041a\u0410 \u0412 \u041e\u0422\u041d\u041e\u0428\u0415\u041d\u0418\u0418 \u041a\u0423\u041a\u0418 - NBL T\u00fcrkiye<\/title>\n<meta name=\"robots\" content=\"index, follow, max-snippet:-1, max-image-preview:large, max-video-preview:-1\" \/>\n<link rel=\"canonical\" href=\"https:\/\/nblturkiye.com\/cerez-politikasi\/\" \/>\n<meta property=\"og:locale\" content=\"ru_RU\" \/>\n<meta property=\"og:type\" content=\"article\" \/>\n<meta property=\"og:title\" content=\"\u041f\u041e\u041b\u0418\u0422\u0418\u041a\u0410 \u0412 \u041e\u0422\u041d\u041e\u0428\u0415\u041d\u0418\u0418 \u041a\u0423\u041a\u0418 - NBL T\u00fcrkiye\" \/>\n<meta property=\"og:description\" content=\"\u00c7EREZ POL\u0130T\u0130KASI \u0130nternet sitemizden en verimli \u015fekilde faydalanabilmeniz ve kullan\u0131c\u0131 deneyiminizi\u00a0geli\u015ftirebilmek i\u00e7in \u00c7erez kullan\u0131yoruz. \u00c7erez kullan\u0131lmas\u0131n\u0131 tercih etmezseniz\u00a0taray\u0131c\u0131n\u0131z\u0131n ayarlar\u0131ndan \u00c7erezleri silebilir ya da engelleyebilirsiniz. Ancak bunun\u00a0internet sitemizi kullan\u0131m\u0131n\u0131z\u0131 etkileyebilece\u011fini hat\u0131rlatmak isteriz. Taray\u0131c\u0131n\u0131zdan \u00c7erez\u00a0ayarlar\u0131n\u0131z\u0131 de\u011fi\u015ftirmedi\u011finiz s\u00fcrece bu sitede \u00e7erez kullan\u0131m\u0131n\u0131 kabul etti\u011finizi\u00a0varsayaca\u011f\u0131z. &nbsp; \u00c7EREZ NED\u0130R VE NEDEN KULLANILMAKTADIR? \u00c7erezler, ziyaret etti\u011finiz internet siteleri taraf\u0131ndan taray\u0131c\u0131lar arac\u0131l\u0131\u011f\u0131yla [&hellip;]\" \/>\n<meta property=\"og:url\" content=\"https:\/\/nblturkiye.com\/cerez-politikasi\/\" \/>\n<meta property=\"og:site_name\" content=\"NBL T\u00fcrkiye\" \/>\n<meta property=\"article:publisher\" content=\"https:\/\/www.facebook.com\/NBLTurkiye\/\" \/>\n<meta property=\"article:modified_time\" content=\"2022-09-12T06:53:57+00:00\" \/>\n<meta name=\"twitter:card\" content=\"summary_large_image\" \/>\n<meta name=\"twitter:label1\" content=\"\u041f\u0440\u0438\u043c\u0435\u0440\u043d\u043e\u0435 \u0432\u0440\u0435\u043c\u044f \u0434\u043b\u044f \u0447\u0442\u0435\u043d\u0438\u044f\" \/>\n\t<meta name=\"twitter:data1\" content=\"4 \u043c\u0438\u043d\u0443\u0442\u044b\" \/>\n<script type=\"application\/ld+json\" class=\"yoast-schema-graph\">{\"@context\":\"https:\\\/\\\/schema.org\",\"@graph\":[{\"@type\":\"WebPage\",\"@id\":\"https:\\\/\\\/nblturkiye.com\\\/cerez-politikasi\\\/\",\"url\":\"https:\\\/\\\/nblturkiye.com\\\/cerez-politikasi\\\/\",\"name\":\"\u041f\u041e\u041b\u0418\u0422\u0418\u041a\u0410 \u0412 \u041e\u0422\u041d\u041e\u0428\u0415\u041d\u0418\u0418 \u041a\u0423\u041a\u0418 - NBL T\u00fcrkiye\",\"isPartOf\":{\"@id\":\"https:\\\/\\\/nblturkiye.com\\\/#website\"},\"datePublished\":\"2020-07-22T10:16:05+00:00\",\"dateModified\":\"2022-09-12T06:53:57+00:00\",\"breadcrumb\":{\"@id\":\"https:\\\/\\\/nblturkiye.com\\\/cerez-politikasi\\\/#breadcrumb\"},\"inLanguage\":\"ru-RU\",\"potentialAction\":[{\"@type\":\"ReadAction\",\"target\":[\"https:\\\/\\\/nblturkiye.com\\\/cerez-politikasi\\\/\"]}]},{\"@type\":\"BreadcrumbList\",\"@id\":\"https:\\\/\\\/nblturkiye.com\\\/cerez-politikasi\\\/#breadcrumb\",\"itemListElement\":[{\"@type\":\"ListItem\",\"position\":1,\"name\":\"Ana sayfa\",\"item\":\"https:\\\/\\\/nblturkiye.com\\\/ru\\\/\"},{\"@type\":\"ListItem\",\"position\":2,\"name\":\"\u041f\u041e\u041b\u0418\u0422\u0418\u041a\u0410 \u0412 \u041e\u0422\u041d\u041e\u0428\u0415\u041d\u0418\u0418 \u041a\u0423\u041a\u0418\"}]},{\"@type\":\"WebSite\",\"@id\":\"https:\\\/\\\/nblturkiye.com\\\/#website\",\"url\":\"https:\\\/\\\/nblturkiye.com\\\/\",\"name\":\"NBL T\u00fcrkiye\",\"description\":\"\",\"publisher\":{\"@id\":\"https:\\\/\\\/nblturkiye.com\\\/#organization\"},\"potentialAction\":[{\"@type\":\"SearchAction\",\"target\":{\"@type\":\"EntryPoint\",\"urlTemplate\":\"https:\\\/\\\/nblturkiye.com\\\/?s={search_term_string}\"},\"query-input\":{\"@type\":\"PropertyValueSpecification\",\"valueRequired\":true,\"valueName\":\"search_term_string\"}}],\"inLanguage\":\"ru-RU\"},{\"@type\":\"Organization\",\"@id\":\"https:\\\/\\\/nblturkiye.com\\\/#organization\",\"name\":\"NBL T\u00fcrkiye\",\"url\":\"https:\\\/\\\/nblturkiye.com\\\/\",\"logo\":{\"@type\":\"ImageObject\",\"inLanguage\":\"ru-RU\",\"@id\":\"https:\\\/\\\/nblturkiye.com\\\/#\\\/schema\\\/logo\\\/image\\\/\",\"url\":\"https:\\\/\\\/nblturkiye.com\\\/wp-content\\\/uploads\\\/NBL_512X512.png\",\"contentUrl\":\"https:\\\/\\\/nblturkiye.com\\\/wp-content\\\/uploads\\\/NBL_512X512.png\",\"width\":512,\"height\":512,\"caption\":\"NBL T\u00fcrkiye\"},\"image\":{\"@id\":\"https:\\\/\\\/nblturkiye.com\\\/#\\\/schema\\\/logo\\\/image\\\/\"},\"sameAs\":[\"https:\\\/\\\/www.facebook.com\\\/NBLTurkiye\\\/\"]}]}<\/script>\n<!-- \/ Yoast SEO plugin. -->","yoast_head_json":{"title":"\u041f\u041e\u041b\u0418\u0422\u0418\u041a\u0410 \u0412 \u041e\u0422\u041d\u041e\u0428\u0415\u041d\u0418\u0418 \u041a\u0423\u041a\u0418 - NBL T\u00fcrkiye","robots":{"index":"index","follow":"follow","max-snippet":"max-snippet:-1","max-image-preview":"max-image-preview:large","max-video-preview":"max-video-preview:-1"},"canonical":"https:\/\/nblturkiye.com\/cerez-politikasi\/","og_locale":"ru_RU","og_type":"article","og_title":"\u041f\u041e\u041b\u0418\u0422\u0418\u041a\u0410 \u0412 \u041e\u0422\u041d\u041e\u0428\u0415\u041d\u0418\u0418 \u041a\u0423\u041a\u0418 - NBL T\u00fcrkiye","og_description":"\u00c7EREZ POL\u0130T\u0130KASI \u0130nternet sitemizden en verimli \u015fekilde faydalanabilmeniz ve kullan\u0131c\u0131 deneyiminizi\u00a0geli\u015ftirebilmek i\u00e7in \u00c7erez kullan\u0131yoruz. \u00c7erez kullan\u0131lmas\u0131n\u0131 tercih etmezseniz\u00a0taray\u0131c\u0131n\u0131z\u0131n ayarlar\u0131ndan \u00c7erezleri silebilir ya da engelleyebilirsiniz. Ancak bunun\u00a0internet sitemizi kullan\u0131m\u0131n\u0131z\u0131 etkileyebilece\u011fini hat\u0131rlatmak isteriz. Taray\u0131c\u0131n\u0131zdan \u00c7erez\u00a0ayarlar\u0131n\u0131z\u0131 de\u011fi\u015ftirmedi\u011finiz s\u00fcrece bu sitede \u00e7erez kullan\u0131m\u0131n\u0131 kabul etti\u011finizi\u00a0varsayaca\u011f\u0131z. &nbsp; \u00c7EREZ NED\u0130R VE NEDEN KULLANILMAKTADIR? \u00c7erezler, ziyaret etti\u011finiz internet siteleri taraf\u0131ndan taray\u0131c\u0131lar arac\u0131l\u0131\u011f\u0131yla [&hellip;]","og_url":"https:\/\/nblturkiye.com\/cerez-politikasi\/","og_site_name":"NBL T\u00fcrkiye","article_publisher":"https:\/\/www.facebook.com\/NBLTurkiye\/","article_modified_time":"2022-09-12T06:53:57+00:00","twitter_card":"summary_large_image","twitter_misc":{"\u041f\u0440\u0438\u043c\u0435\u0440\u043d\u043e\u0435 \u0432\u0440\u0435\u043c\u044f \u0434\u043b\u044f \u0447\u0442\u0435\u043d\u0438\u044f":"4 \u043c\u0438\u043d\u0443\u0442\u044b"},"schema":{"@context":"https:\/\/schema.org","@graph":[{"@type":"WebPage","@id":"https:\/\/nblturkiye.com\/cerez-politikasi\/","url":"https:\/\/nblturkiye.com\/cerez-politikasi\/","name":"\u041f\u041e\u041b\u0418\u0422\u0418\u041a\u0410 \u0412 \u041e\u0422\u041d\u041e\u0428\u0415\u041d\u0418\u0418 \u041a\u0423\u041a\u0418 - NBL T\u00fcrkiye","isPartOf":{"@id":"https:\/\/nblturkiye.com\/#website"},"datePublished":"2020-07-22T10:16:05+00:00","dateModified":"2022-09-12T06:53:57+00:00","breadcrumb":{"@id":"https:\/\/nblturkiye.com\/cerez-politikasi\/#breadcrumb"},"inLanguage":"ru-RU","potentialAction":[{"@type":"ReadAction","target":["https:\/\/nblturkiye.com\/cerez-politikasi\/"]}]},{"@type":"BreadcrumbList","@id":"https:\/\/nblturkiye.com\/cerez-politikasi\/#breadcrumb","itemListElement":[{"@type":"ListItem","position":1,"name":"Ana sayfa","item":"https:\/\/nblturkiye.com\/ru\/"},{"@type":"ListItem","position":2,"name":"\u041f\u041e\u041b\u0418\u0422\u0418\u041a\u0410 \u0412 \u041e\u0422\u041d\u041e\u0428\u0415\u041d\u0418\u0418 \u041a\u0423\u041a\u0418"}]},{"@type":"WebSite","@id":"https:\/\/nblturkiye.com\/#website","url":"https:\/\/nblturkiye.com\/","name":"NBL T\u00fcrkiye","description":"","publisher":{"@id":"https:\/\/nblturkiye.com\/#organization"},"potentialAction":[{"@type":"SearchAction","target":{"@type":"EntryPoint","urlTemplate":"https:\/\/nblturkiye.com\/?s={search_term_string}"},"query-input":{"@type":"PropertyValueSpecification","valueRequired":true,"valueName":"search_term_string"}}],"inLanguage":"ru-RU"},{"@type":"Organization","@id":"https:\/\/nblturkiye.com\/#organization","name":"NBL T\u00fcrkiye","url":"https:\/\/nblturkiye.com\/","logo":{"@type":"ImageObject","inLanguage":"ru-RU","@id":"https:\/\/nblturkiye.com\/#\/schema\/logo\/image\/","url":"https:\/\/nblturkiye.com\/wp-content\/uploads\/NBL_512X512.png","contentUrl":"https:\/\/nblturkiye.com\/wp-content\/uploads\/NBL_512X512.png","width":512,"height":512,"caption":"NBL T\u00fcrkiye"},"image":{"@id":"https:\/\/nblturkiye.com\/#\/schema\/logo\/image\/"},"sameAs":["https:\/\/www.facebook.com\/NBLTurkiye\/"]}]}},"_links":{"self":[{"href":"https:\/\/nblturkiye.com\/ru\/wp-json\/wp\/v2\/pages\/13418","targetHints":{"allow":["GET"]}}],"collection":[{"href":"https:\/\/nblturkiye.com\/ru\/wp-json\/wp\/v2\/pages"}],"about":[{"href":"https:\/\/nblturkiye.com\/ru\/wp-json\/wp\/v2\/types\/page"}],"author":[{"embeddable":true,"href":"https:\/\/nblturkiye.com\/ru\/wp-json\/wp\/v2\/users\/2"}],"replies":[{"embeddable":true,"href":"https:\/\/nblturkiye.com\/ru\/wp-json\/wp\/v2\/comments?post=13418"}],"version-history":[{"count":0,"href":"https:\/\/nblturkiye.com\/ru\/wp-json\/wp\/v2\/pages\/13418\/revisions"}],"wp:attachment":[{"href":"https:\/\/nblturkiye.com\/ru\/wp-json\/wp\/v2\/media?parent=13418"}],"curies":[{"name":"wp","href":"https:\/\/api.w.org\/{rel}","templated":true}]}}