{"id":13415,"date":"2019-11-11T11:29:02","date_gmt":"2019-11-11T08:29:02","guid":{"rendered":"https:\/\/nblturkiye.com\/?page_id=13415"},"modified":"2022-09-12T09:53:02","modified_gmt":"2022-09-12T06:53:02","slug":"kvkk-clarification-text","status":"publish","type":"page","link":"https:\/\/nblturkiye.com\/ru\/kvkk-clarification-text\/","title":{"rendered":"\u041f\u041e\u042f\u0421\u041d\u0418\u0422\u0415\u041b\u042c\u041d\u042b\u0419 \u0422\u0415\u041a\u0421\u0422 KVKK"},"content":{"rendered":"<h1 style=\"text-align: center;\"><strong>K\u0130\u015e\u0130SEL VER\u0130LER\u0130N \u0130\u015eLENMES\u0130NE \u0130L\u0130\u015eK\u0130N AYDINLATMA METN\u0130<\/strong><\/h1>\n<p>&nbsp;<\/p>\n<p><strong>Say\u0131n \u0130lgili,<\/strong><\/p>\n<p><strong>\u00a0<\/strong><\/p>\n<p>Nobel \u0130la\u00e7 San. ve Tic. A.\u015e. (\u201cNobel \u0130la\u00e7\u201d veya \u201c\u015eirket\u201d) olarak, 6698 say\u0131l\u0131 Ki\u015fisel Verilerin Korunmas\u0131 Kanunu (\u201cKVK Kanunu\u201d) uyar\u0131nca veri sorumlusu s\u0131fat\u0131yla ki\u015fisel verilerinizi i\u015flemeye ihtiya\u00e7 duyuyoruz. KVK Kanunu 3. maddesi uyar\u0131nca ki\u015fisel veri, kimli\u011fi belirli veya belirlenebilir ger\u00e7ek ki\u015fiye ili\u015fkin her t\u00fcrl\u00fc bilgiyi ifade etmektedir. Bu ba\u011flamda \u015eirketimiz, ki\u015fisel verilerinizin elde edilmesi, kaydedilmesi, depolanmas\u0131, muhafaza edilmesi, de\u011fi\u015ftirilmesi, yeniden d\u00fczenlenmesi, a\u00e7\u0131klanmas\u0131, aktar\u0131lmas\u0131, devral\u0131nmas\u0131, elde edilebilir h\u00e2le getirilmesi, s\u0131n\u0131fland\u0131r\u0131lmas\u0131 ya da kullan\u0131lmas\u0131n\u0131n engellenmesi gibi i\u015flemler ger\u00e7ekle\u015ftirebilecektir.<\/p>\n<p>&nbsp;<\/p>\n<h3><strong>1<\/strong>. <strong>\u0130\u015flenen ki\u015fisel verileriniz nelerdir?<\/strong><\/h3>\n<p>&nbsp;<\/p>\n<p>Web sitesi uygulamalar\u0131 s\u00fcreci kapsam\u0131nda, ad-soyad\u0131n\u0131z, telefon numaran\u0131z, e-posta adresiniz ve \u00e7erez kay\u0131tlar\u0131n\u0131z i\u015flenebilecektir.<\/p>\n<p>&nbsp;<\/p>\n<h3><strong>2. Ki\u015fisel verileriniz hangi ama\u00e7 ile i\u015flenebilir?<\/strong><\/h3>\n<p>&nbsp;<\/p>\n<p>Toplanan ki\u015fisel verileriniz, m\u00fc\u015fteri ili\u015fkileri y\u00f6netim s\u00fcre\u00e7lerinin y\u00fcr\u00fct\u00fclmesi amac\u0131yla web sitesi uygulamalar\u0131 s\u00fcreci kapsam\u0131nda KVK Kanunu\u2019nun 4. Maddesine uygun \u015fekilde i\u015flenebilecektir.<\/p>\n<p>&nbsp;<\/p>\n<h3><strong>3. \u0130\u015flenen ki\u015fisel verileriniz kimlere ve hangi ama\u00e7la aktar\u0131labilir? <\/strong><\/h3>\n<p>&nbsp;<\/p>\n<p>Toplanan ki\u015fisel verilerinizin aktar\u0131m\u0131 yap\u0131lmamaktad\u0131r.<\/p>\n<p>&nbsp;<\/p>\n<h3><strong>4. Ki\u015fisel verilerinizi hangi y\u00f6ntemle ve hangi hukuki sebeple i\u015fliyoruz? <\/strong><\/h3>\n<p>&nbsp;<\/p>\n<p>Ki\u015fisel verileriniz, \u015eirketimiz taraf\u0131ndan, Kanunun 5. maddesinde belirtilen, \u201cilgili ki\u015finin temel hak ve \u00f6zg\u00fcrl\u00fcklerine zarar vermemek kayd\u0131yla, veri sorumlusunun me\u015fru menfaatleri i\u00e7in veri i\u015flenmesinin zorunlu olmas\u0131\u201d hukuki sebebine dayanarak, elektronik ortamda, web sitesi, e-posta ve form vas\u0131tas\u0131yla toplanmaktad\u0131r.<\/p>\n<p>&nbsp;<\/p>\n<h3><strong>5. 6698 say\u0131l\u0131 Ki\u015fisel Verilerin Korunmas\u0131 Kanunu uyar\u0131nca haklar\u0131n\u0131z nelerdir? <\/strong><\/h3>\n<p>&nbsp;<\/p>\n<p>6698 say\u0131l\u0131 Ki\u015fisel Verilerin Korunmas\u0131 Kanunu 11. Maddesi uyar\u0131nca;<\/p>\n<p style=\"padding-left: 40px;\">\u2022\u00a0Ki\u015fisel Veriler\u2019in i\u015flenip i\u015flenmedi\u011fini \u00f6\u011frenme,<\/p>\n<p style=\"padding-left: 40px;\">\u2022 Ki\u015fisel Veriler i\u015flenmi\u015fse buna ili\u015fkin bilgi talep etme,<\/p>\n<p style=\"padding-left: 40px;\">\u2022\u00a0Ki\u015fisel Veriler\u2019in i\u015flenme amac\u0131n\u0131 ve bunlar\u0131n amac\u0131na uygun kullan\u0131l\u0131p kullan\u0131lmad\u0131\u011f\u0131n\u0131 \u00f6\u011frenme,<\/p>\n<p style=\"padding-left: 40px;\">\u2022\u00a0Yurt i\u00e7inde veya yurt d\u0131\u015f\u0131nda Ki\u015fisel Veriler\u2019in aktar\u0131ld\u0131\u011f\u0131 \u00fc\u00e7\u00fcnc\u00fc ki\u015fileri bilme,<\/p>\n<p style=\"padding-left: 40px;\">\u2022\u00a0Ki\u015fisel Veriler\u2019in eksik veya yanl\u0131\u015f i\u015flenmi\u015f olmas\u0131 h\u00e2linde bunlar\u0131n d\u00fczeltilmesini, d\u00fczeltme i\u015fleminin ki\u015fisel verilerin aktar\u0131ld\u0131\u011f\u0131 \u00fc\u00e7\u00fcnc\u00fc ki\u015filere bildirilmesini isteme,<\/p>\n<p style=\"padding-left: 40px;\">\u2022\u00a0Yasal s\u0131n\u0131rlar hari\u00e7 olmak \u00fczere Kanunun 7. maddesinde \u00f6ng\u00f6r\u00fclen \u015fartlar \u00e7er\u00e7evesinde Ki\u015fisel Veriler\u2019in silinmesini veya yok edilmesini isteme, silme ve yok etme i\u015fleminin Ki\u015fisel Veriler\u2019in aktar\u0131ld\u0131\u011f\u0131 \u00fc\u00e7\u00fcnc\u00fc ki\u015filere bildirilmesini isteme,<\/p>\n<p style=\"padding-left: 40px;\">\u2022\u00a0Ki\u015fisel Veriler\u2019in m\u00fcnhas\u0131ran otomatik sistemler vas\u0131tas\u0131yla analiz edilmesi suretiyle kendiniz aleyhine bir sonucun ortaya \u00e7\u0131kmas\u0131na itiraz etme,<\/p>\n<p style=\"padding-left: 40px;\">\u2022\u00a0Ki\u015fisel Veriler\u2019in kanuna ayk\u0131r\u0131 olarak i\u015flenmesi sebebiyle zarara u\u011framan\u0131z h\u00e2linde zarar\u0131n giderilmesini talep etme haklar\u0131na sahipsiniz.<\/p>\n<p>&nbsp;<\/p>\n<h3><strong>6. Veri sorumlusuna nas\u0131l ba\u015fvuracaks\u0131n\u0131z? <\/strong><\/h3>\n<p><strong>\u00a0<\/strong><\/p>\n<p>Yukar\u0131da yer alan haklar\u0131n\u0131z\u0131 kullanmak i\u00e7in \u015fahsen, noter vas\u0131tas\u0131yla veya iadeli taahh\u00fctl\u00fc mektupla <em>(n\u00fcfus c\u00fczdan\u0131 \u00f6n y\u00fcz fotokopisi ile birlikte)<\/em>, <strong>Saray Mahallesi Dr. Adnan B\u00fcy\u00fckdeniz Cad. No:14 34768 \u00dcmraniye\/\u0130stanbul<\/strong> adresine yaz\u0131l\u0131 olarak, <a href=\"mailto:nobelilac@hs02.kep.tr\">nobelilac@hs02.kep.tr<\/a> adresine kay\u0131tl\u0131 elektronik posta ile veya <a href=\"mailto:kvkk@nobel.com.tr\">kvkk@nobel.com.tr<\/a> adresine g\u00fcvenli elektronik imza\/mobil imza kullanarak e-posta ile ba\u015fvurabilirsiniz.\u00a0 Ki\u015fisel veri sahibinin kendisi d\u0131\u015f\u0131nda bir ki\u015finin talepte bulunmas\u0131 i\u00e7in konuya ili\u015fkin olarak ki\u015fisel veri sahibi taraf\u0131ndan ba\u015fvuruda bulunacak ki\u015fi ad\u0131na d\u00fczenlenmi\u015f \u00f6zel vek\u00e2letname bulunmal\u0131d\u0131r.<\/p>\n<p>\u015eirketimiz, ba\u015fvuruda bulunan ki\u015finin ki\u015fisel veri sahibi olup olmad\u0131\u011f\u0131n\u0131 tespit etmek i\u00e7in ilgili ki\u015fiden ek bilgi talep edebilir, ba\u015fvuruda belirtilen hususlar\u0131 netle\u015ftirmek i\u00e7in, ki\u015fisel veri sahibine ba\u015fvurusu ile ilgili soru y\u00f6neltebilir.<\/p>\n<p>\u015eirketimize iletilen usul\u00fcne uygun talepler en ge\u00e7 otuz g\u00fcn i\u00e7inde \u00fccretsiz olarak sonu\u00e7land\u0131r\u0131lacakt\u0131r. Ancak, s\u00f6z konusu taleplerin sonu\u00e7land\u0131r\u0131lmas\u0131n\u0131n ayr\u0131ca bir maliyeti gerektirmesi halinde, \u015eirketimiz taraf\u0131ndan ba\u015fvuru sahibinden Ki\u015fisel Verileri Koruma Kurulu taraf\u0131ndan belirlenen tarifedeki \u00fccret al\u0131nabilecektir.<\/p>\n<p>Veri sahibi ba\u015fvuru formuna ve Ki\u015fisel Verilerin Korunmas\u0131 ve \u0130\u015flenmesi Politikam\u0131za <a href=\"http:\/\/www.nobel.com.tr\">www.nobel.com.tr<\/a> adresinden ula\u015fabilirsiniz.<\/p>\n<p>&nbsp;<\/p>\n<p><strong>NOBEL \u0130LA\u00c7 SAN. VE T\u0130C. A.\u015e.<\/strong><\/p>\n","protected":false},"excerpt":{"rendered":"K\u0130\u015e\u0130SEL VER\u0130LER\u0130N \u0130\u015eLENMES\u0130NE \u0130L\u0130\u015eK\u0130N AYDINLATMA METN\u0130 &nbsp; Say\u0131n \u0130lgili, \u00a0 Nobel \u0130la\u00e7 San. ve Tic. A.\u015e. (\u201cNobel \u0130la\u00e7\u201d veya \u201c\u015eirket\u201d) olarak, 6698 say\u0131l\u0131 Ki\u015fisel Verilerin Korunmas\u0131 Kanunu (\u201cKVK Kanunu\u201d) uyar\u0131nca veri sorumlusu s\u0131fat\u0131yla ki\u015fisel verilerinizi i\u015flemeye ihtiya\u00e7 duyuyoruz. KVK Kanunu 3. maddesi uyar\u0131nca ki\u015fisel veri, kimli\u011fi belirli veya belirlenebilir ger\u00e7ek ki\u015fiye ili\u015fkin her t\u00fcrl\u00fc bilgiyi [&hellip;]","protected":false},"author":2,"featured_media":0,"parent":0,"menu_order":23,"comment_status":"closed","ping_status":"open","template":"page-gizli.php","meta":{"_acf_changed":false,"footnotes":""},"class_list":["post-13415","page","type-page","status-publish","hentry"],"acf":[],"yoast_head":"<!-- This site is optimized with the Yoast SEO plugin v27.4 - https:\/\/yoast.com\/product\/yoast-seo-wordpress\/ -->\n<title>\u041f\u041e\u042f\u0421\u041d\u0418\u0422\u0415\u041b\u042c\u041d\u042b\u0419 \u0422\u0415\u041a\u0421\u0422 KVKK - NBL T\u00fcrkiye<\/title>\n<meta name=\"robots\" content=\"index, follow, max-snippet:-1, max-image-preview:large, max-video-preview:-1\" \/>\n<link rel=\"canonical\" href=\"https:\/\/nblturkiye.com\/aydinlatma-metni\/\" \/>\n<meta property=\"og:locale\" content=\"ru_RU\" \/>\n<meta property=\"og:type\" content=\"article\" \/>\n<meta property=\"og:title\" content=\"\u041f\u041e\u042f\u0421\u041d\u0418\u0422\u0415\u041b\u042c\u041d\u042b\u0419 \u0422\u0415\u041a\u0421\u0422 KVKK - NBL T\u00fcrkiye\" \/>\n<meta property=\"og:description\" content=\"K\u0130\u015e\u0130SEL VER\u0130LER\u0130N \u0130\u015eLENMES\u0130NE \u0130L\u0130\u015eK\u0130N AYDINLATMA METN\u0130 &nbsp; Say\u0131n \u0130lgili, \u00a0 Nobel \u0130la\u00e7 San. ve Tic. A.\u015e. (\u201cNobel \u0130la\u00e7\u201d veya \u201c\u015eirket\u201d) olarak, 6698 say\u0131l\u0131 Ki\u015fisel Verilerin Korunmas\u0131 Kanunu (\u201cKVK Kanunu\u201d) uyar\u0131nca veri sorumlusu s\u0131fat\u0131yla ki\u015fisel verilerinizi i\u015flemeye ihtiya\u00e7 duyuyoruz. KVK Kanunu 3. maddesi uyar\u0131nca ki\u015fisel veri, kimli\u011fi belirli veya belirlenebilir ger\u00e7ek ki\u015fiye ili\u015fkin her t\u00fcrl\u00fc bilgiyi [&hellip;]\" \/>\n<meta property=\"og:url\" content=\"https:\/\/nblturkiye.com\/aydinlatma-metni\/\" \/>\n<meta property=\"og:site_name\" content=\"NBL T\u00fcrkiye\" \/>\n<meta property=\"article:publisher\" content=\"https:\/\/www.facebook.com\/NBLTurkiye\/\" \/>\n<meta property=\"article:modified_time\" content=\"2022-09-12T06:53:02+00:00\" \/>\n<meta name=\"twitter:card\" content=\"summary_large_image\" \/>\n<meta name=\"twitter:label1\" content=\"\u041f\u0440\u0438\u043c\u0435\u0440\u043d\u043e\u0435 \u0432\u0440\u0435\u043c\u044f \u0434\u043b\u044f \u0447\u0442\u0435\u043d\u0438\u044f\" \/>\n\t<meta name=\"twitter:data1\" content=\"4 \u043c\u0438\u043d\u0443\u0442\u044b\" \/>\n<script type=\"application\/ld+json\" class=\"yoast-schema-graph\">{\"@context\":\"https:\\\/\\\/schema.org\",\"@graph\":[{\"@type\":\"WebPage\",\"@id\":\"https:\\\/\\\/nblturkiye.com\\\/aydinlatma-metni\\\/\",\"url\":\"https:\\\/\\\/nblturkiye.com\\\/aydinlatma-metni\\\/\",\"name\":\"\u041f\u041e\u042f\u0421\u041d\u0418\u0422\u0415\u041b\u042c\u041d\u042b\u0419 \u0422\u0415\u041a\u0421\u0422 KVKK - NBL T\u00fcrkiye\",\"isPartOf\":{\"@id\":\"https:\\\/\\\/nblturkiye.com\\\/#website\"},\"datePublished\":\"2019-11-11T08:29:02+00:00\",\"dateModified\":\"2022-09-12T06:53:02+00:00\",\"breadcrumb\":{\"@id\":\"https:\\\/\\\/nblturkiye.com\\\/aydinlatma-metni\\\/#breadcrumb\"},\"inLanguage\":\"ru-RU\",\"potentialAction\":[{\"@type\":\"ReadAction\",\"target\":[\"https:\\\/\\\/nblturkiye.com\\\/aydinlatma-metni\\\/\"]}]},{\"@type\":\"BreadcrumbList\",\"@id\":\"https:\\\/\\\/nblturkiye.com\\\/aydinlatma-metni\\\/#breadcrumb\",\"itemListElement\":[{\"@type\":\"ListItem\",\"position\":1,\"name\":\"Ana sayfa\",\"item\":\"https:\\\/\\\/nblturkiye.com\\\/ru\\\/\"},{\"@type\":\"ListItem\",\"position\":2,\"name\":\"\u041f\u041e\u042f\u0421\u041d\u0418\u0422\u0415\u041b\u042c\u041d\u042b\u0419 \u0422\u0415\u041a\u0421\u0422 KVKK\"}]},{\"@type\":\"WebSite\",\"@id\":\"https:\\\/\\\/nblturkiye.com\\\/#website\",\"url\":\"https:\\\/\\\/nblturkiye.com\\\/\",\"name\":\"NBL T\u00fcrkiye\",\"description\":\"\",\"publisher\":{\"@id\":\"https:\\\/\\\/nblturkiye.com\\\/#organization\"},\"potentialAction\":[{\"@type\":\"SearchAction\",\"target\":{\"@type\":\"EntryPoint\",\"urlTemplate\":\"https:\\\/\\\/nblturkiye.com\\\/?s={search_term_string}\"},\"query-input\":{\"@type\":\"PropertyValueSpecification\",\"valueRequired\":true,\"valueName\":\"search_term_string\"}}],\"inLanguage\":\"ru-RU\"},{\"@type\":\"Organization\",\"@id\":\"https:\\\/\\\/nblturkiye.com\\\/#organization\",\"name\":\"NBL T\u00fcrkiye\",\"url\":\"https:\\\/\\\/nblturkiye.com\\\/\",\"logo\":{\"@type\":\"ImageObject\",\"inLanguage\":\"ru-RU\",\"@id\":\"https:\\\/\\\/nblturkiye.com\\\/#\\\/schema\\\/logo\\\/image\\\/\",\"url\":\"https:\\\/\\\/nblturkiye.com\\\/wp-content\\\/uploads\\\/NBL_512X512.png\",\"contentUrl\":\"https:\\\/\\\/nblturkiye.com\\\/wp-content\\\/uploads\\\/NBL_512X512.png\",\"width\":512,\"height\":512,\"caption\":\"NBL T\u00fcrkiye\"},\"image\":{\"@id\":\"https:\\\/\\\/nblturkiye.com\\\/#\\\/schema\\\/logo\\\/image\\\/\"},\"sameAs\":[\"https:\\\/\\\/www.facebook.com\\\/NBLTurkiye\\\/\"]}]}<\/script>\n<!-- \/ Yoast SEO plugin. -->","yoast_head_json":{"title":"\u041f\u041e\u042f\u0421\u041d\u0418\u0422\u0415\u041b\u042c\u041d\u042b\u0419 \u0422\u0415\u041a\u0421\u0422 KVKK - NBL T\u00fcrkiye","robots":{"index":"index","follow":"follow","max-snippet":"max-snippet:-1","max-image-preview":"max-image-preview:large","max-video-preview":"max-video-preview:-1"},"canonical":"https:\/\/nblturkiye.com\/aydinlatma-metni\/","og_locale":"ru_RU","og_type":"article","og_title":"\u041f\u041e\u042f\u0421\u041d\u0418\u0422\u0415\u041b\u042c\u041d\u042b\u0419 \u0422\u0415\u041a\u0421\u0422 KVKK - NBL T\u00fcrkiye","og_description":"K\u0130\u015e\u0130SEL VER\u0130LER\u0130N \u0130\u015eLENMES\u0130NE \u0130L\u0130\u015eK\u0130N AYDINLATMA METN\u0130 &nbsp; Say\u0131n \u0130lgili, \u00a0 Nobel \u0130la\u00e7 San. ve Tic. A.\u015e. (\u201cNobel \u0130la\u00e7\u201d veya \u201c\u015eirket\u201d) olarak, 6698 say\u0131l\u0131 Ki\u015fisel Verilerin Korunmas\u0131 Kanunu (\u201cKVK Kanunu\u201d) uyar\u0131nca veri sorumlusu s\u0131fat\u0131yla ki\u015fisel verilerinizi i\u015flemeye ihtiya\u00e7 duyuyoruz. KVK Kanunu 3. maddesi uyar\u0131nca ki\u015fisel veri, kimli\u011fi belirli veya belirlenebilir ger\u00e7ek ki\u015fiye ili\u015fkin her t\u00fcrl\u00fc bilgiyi [&hellip;]","og_url":"https:\/\/nblturkiye.com\/aydinlatma-metni\/","og_site_name":"NBL T\u00fcrkiye","article_publisher":"https:\/\/www.facebook.com\/NBLTurkiye\/","article_modified_time":"2022-09-12T06:53:02+00:00","twitter_card":"summary_large_image","twitter_misc":{"\u041f\u0440\u0438\u043c\u0435\u0440\u043d\u043e\u0435 \u0432\u0440\u0435\u043c\u044f \u0434\u043b\u044f \u0447\u0442\u0435\u043d\u0438\u044f":"4 \u043c\u0438\u043d\u0443\u0442\u044b"},"schema":{"@context":"https:\/\/schema.org","@graph":[{"@type":"WebPage","@id":"https:\/\/nblturkiye.com\/aydinlatma-metni\/","url":"https:\/\/nblturkiye.com\/aydinlatma-metni\/","name":"\u041f\u041e\u042f\u0421\u041d\u0418\u0422\u0415\u041b\u042c\u041d\u042b\u0419 \u0422\u0415\u041a\u0421\u0422 KVKK - NBL T\u00fcrkiye","isPartOf":{"@id":"https:\/\/nblturkiye.com\/#website"},"datePublished":"2019-11-11T08:29:02+00:00","dateModified":"2022-09-12T06:53:02+00:00","breadcrumb":{"@id":"https:\/\/nblturkiye.com\/aydinlatma-metni\/#breadcrumb"},"inLanguage":"ru-RU","potentialAction":[{"@type":"ReadAction","target":["https:\/\/nblturkiye.com\/aydinlatma-metni\/"]}]},{"@type":"BreadcrumbList","@id":"https:\/\/nblturkiye.com\/aydinlatma-metni\/#breadcrumb","itemListElement":[{"@type":"ListItem","position":1,"name":"Ana sayfa","item":"https:\/\/nblturkiye.com\/ru\/"},{"@type":"ListItem","position":2,"name":"\u041f\u041e\u042f\u0421\u041d\u0418\u0422\u0415\u041b\u042c\u041d\u042b\u0419 \u0422\u0415\u041a\u0421\u0422 KVKK"}]},{"@type":"WebSite","@id":"https:\/\/nblturkiye.com\/#website","url":"https:\/\/nblturkiye.com\/","name":"NBL T\u00fcrkiye","description":"","publisher":{"@id":"https:\/\/nblturkiye.com\/#organization"},"potentialAction":[{"@type":"SearchAction","target":{"@type":"EntryPoint","urlTemplate":"https:\/\/nblturkiye.com\/?s={search_term_string}"},"query-input":{"@type":"PropertyValueSpecification","valueRequired":true,"valueName":"search_term_string"}}],"inLanguage":"ru-RU"},{"@type":"Organization","@id":"https:\/\/nblturkiye.com\/#organization","name":"NBL T\u00fcrkiye","url":"https:\/\/nblturkiye.com\/","logo":{"@type":"ImageObject","inLanguage":"ru-RU","@id":"https:\/\/nblturkiye.com\/#\/schema\/logo\/image\/","url":"https:\/\/nblturkiye.com\/wp-content\/uploads\/NBL_512X512.png","contentUrl":"https:\/\/nblturkiye.com\/wp-content\/uploads\/NBL_512X512.png","width":512,"height":512,"caption":"NBL T\u00fcrkiye"},"image":{"@id":"https:\/\/nblturkiye.com\/#\/schema\/logo\/image\/"},"sameAs":["https:\/\/www.facebook.com\/NBLTurkiye\/"]}]}},"_links":{"self":[{"href":"https:\/\/nblturkiye.com\/ru\/wp-json\/wp\/v2\/pages\/13415","targetHints":{"allow":["GET"]}}],"collection":[{"href":"https:\/\/nblturkiye.com\/ru\/wp-json\/wp\/v2\/pages"}],"about":[{"href":"https:\/\/nblturkiye.com\/ru\/wp-json\/wp\/v2\/types\/page"}],"author":[{"embeddable":true,"href":"https:\/\/nblturkiye.com\/ru\/wp-json\/wp\/v2\/users\/2"}],"replies":[{"embeddable":true,"href":"https:\/\/nblturkiye.com\/ru\/wp-json\/wp\/v2\/comments?post=13415"}],"version-history":[{"count":0,"href":"https:\/\/nblturkiye.com\/ru\/wp-json\/wp\/v2\/pages\/13415\/revisions"}],"wp:attachment":[{"href":"https:\/\/nblturkiye.com\/ru\/wp-json\/wp\/v2\/media?parent=13415"}],"curies":[{"name":"wp","href":"https:\/\/api.w.org\/{rel}","templated":true}]}}